{"id":218,"date":"2023-03-04T16:08:16","date_gmt":"2023-03-04T16:08:16","guid":{"rendered":"http:\/\/newyork.rs\/en\/projects\/"},"modified":"2023-03-08T00:45:27","modified_gmt":"2023-03-08T00:45:27","slug":"usluge","status":"publish","type":"page","link":"http:\/\/newyork.rs\/en\/usluge\/","title":{"rendered":"Usluge"},"content":{"rendered":"\n<p><\/p>\n\n\n<div class=\"row\" id=\"gallery_div\">              \n              <div class=\"col-lg-4 col-md-6 project-box text-center p-3\">\n                <div class=\"box\">\n                  <img decoding=\"async\" src=\"http:\/\/newyork.rs\/en\/wp-content\/uploads\/2023\/03\/Ciscenje-1.jpg\" \/>\n                  <div class=\"box-content\">\n                    <h4 class=\"post-title my-2\">\u010ci\u0161\u0107enje poslovnog prostora<\/h4>\n                    <a class=\"\" href=\"http:\/\/newyork.rs\/en\/recent_projects\/ciscenje\/\">Vi\u0161e\n                      <div class=\"icon\">\n                         <i class=\"fas fa-arrow-right\"><\/i>\n                       <\/div>\n                    <\/a>\n                  <\/div> \n                <\/div>\n              <\/div>\n                          \n              <div class=\"col-lg-4 col-md-6 project-box text-center p-3\">\n                <div class=\"box\">\n                  <img decoding=\"async\" src=\"http:\/\/newyork.rs\/en\/wp-content\/uploads\/2023\/03\/ciscenje_stambenog_prostora-1024x1024.jpg\" \/>\n                  <div class=\"box-content\">\n                    <h4 class=\"post-title my-2\">\u010ci\u0161\u0107enje stambenog prostora<\/h4>\n                    <a class=\"\" href=\"http:\/\/newyork.rs\/en\/recent_projects\/ciscenje_stambenog_prostora\/\">Vi\u0161e\n                      <div class=\"icon\">\n                         <i class=\"fas fa-arrow-right\"><\/i>\n                       <\/div>\n                    <\/a>\n                  <\/div> \n                <\/div>\n              <\/div>\n            <div class=\"clearfix\"><\/div>              \n              <div class=\"col-lg-4 col-md-6 project-box text-center p-3\">\n                <div class=\"box\">\n                  <img decoding=\"async\" src=\"http:\/\/newyork.rs\/en\/wp-content\/uploads\/2023\/03\/industrijsko_ciscenje-1024x1024.jpg\" \/>\n                  <div class=\"box-content\">\n                    <h4 class=\"post-title my-2\">Industrijsko \u010di\u0161\u0107enje<\/h4>\n                    <a class=\"\" href=\"http:\/\/newyork.rs\/en\/recent_projects\/industrijsko_ciscenje\/\">Vi\u0161e\n                      <div class=\"icon\">\n                         <i class=\"fas fa-arrow-right\"><\/i>\n                       <\/div>\n                    <\/a>\n                  <\/div> \n                <\/div>\n              <\/div>\n                          \n              <div class=\"col-lg-4 col-md-6 project-box text-center p-3\">\n                <div class=\"box\">\n                  <img decoding=\"async\" src=\"http:\/\/newyork.rs\/en\/wp-content\/uploads\/2023\/03\/pranje_fasada-1024x1024.jpg\" \/>\n                  <div class=\"box-content\">\n                    <h4 class=\"post-title my-2\">Pranje fasada<\/h4>\n                    <a class=\"\" href=\"http:\/\/newyork.rs\/en\/recent_projects\/pranje-fasada\/\">Vi\u0161e\n                      <div class=\"icon\">\n                         <i class=\"fas fa-arrow-right\"><\/i>\n                       <\/div>\n                    <\/a>\n                  <\/div> \n                <\/div>\n              <\/div>\n            <div class=\"clearfix\"><\/div>              \n              <div class=\"col-lg-4 col-md-6 project-box text-center p-3\">\n                <div class=\"box\">\n                  <img decoding=\"async\" src=\"http:\/\/newyork.rs\/en\/wp-content\/uploads\/2023\/03\/odrzavanje_zelenila-1024x1024.jpg\" \/>\n                  <div class=\"box-content\">\n                    <h4 class=\"post-title my-2\">Odr\u017eavanje zelenila<\/h4>\n                    <a class=\"\" href=\"http:\/\/newyork.rs\/en\/recent_projects\/odrzavanje-zelenila\/\">Vi\u0161e\n                      <div class=\"icon\">\n                         <i class=\"fas fa-arrow-right\"><\/i>\n                       <\/div>\n                    <\/a>\n                  <\/div> \n                <\/div>\n              <\/div>\n                          \n              <div class=\"col-lg-4 col-md-6 project-box text-center p-3\">\n                <div class=\"box\">\n                  <img decoding=\"async\" src=\"http:\/\/newyork.rs\/en\/wp-content\/uploads\/2023\/03\/dubinsko_pranje_namestaja-1024x1024.jpg\" \/>\n                  <div class=\"box-content\">\n                    <h4 class=\"post-title my-2\">Dubinsko pranje name\u0161taja<\/h4>\n                    <a class=\"\" href=\"http:\/\/newyork.rs\/en\/recent_projects\/dubinsko-pranje-namestaja\/\">Vi\u0161e\n                      <div class=\"icon\">\n                         <i class=\"fas fa-arrow-right\"><\/i>\n                       <\/div>\n                    <\/a>\n                  <\/div> \n                <\/div>\n              <\/div>\n            <div class=\"clearfix\"><\/div>              \n              <div class=\"col-lg-4 col-md-6 project-box text-center p-3\">\n                <div class=\"box\">\n                  <img decoding=\"async\" src=\"http:\/\/newyork.rs\/en\/wp-content\/uploads\/2023\/03\/Pranje_tvrdih_-mekih_podova-1024x1024.jpg\" \/>\n                  <div class=\"box-content\">\n                    <h4 class=\"post-title my-2\">Pranje tvrdih I mekih podova<\/h4>\n                    <a class=\"\" href=\"http:\/\/newyork.rs\/en\/recent_projects\/pranje-tvrdih-mekih-podova\/\">Vi\u0161e\n                      <div class=\"icon\">\n                         <i class=\"fas fa-arrow-right\"><\/i>\n                       <\/div>\n                    <\/a>\n                  <\/div> \n                <\/div>\n              <\/div>\n                          \n              <div class=\"col-lg-4 col-md-6 project-box text-center p-3\">\n                <div class=\"box\">\n                  <img decoding=\"async\" src=\"http:\/\/newyork.rs\/en\/wp-content\/uploads\/2023\/03\/zimsko_odrzavanje.jpg\" \/>\n                  <div class=\"box-content\">\n                    <h4 class=\"post-title my-2\">Zimsko odr\u017eavanje<\/h4>\n                    <a class=\"\" href=\"http:\/\/newyork.rs\/en\/recent_projects\/zimsko-odrzavanje\/\">Vi\u0161e\n                      <div class=\"icon\">\n                         <i class=\"fas fa-arrow-right\"><\/i>\n                       <\/div>\n                    <\/a>\n                  <\/div> \n                <\/div>\n              <\/div>\n            <div class=\"clearfix\"><\/div>              \n              <div class=\"col-lg-4 col-md-6 project-box text-center p-3\">\n                <div class=\"box\">\n                  <img decoding=\"async\" src=\"http:\/\/newyork.rs\/en\/wp-content\/uploads\/2023\/03\/ciscenje_zdravstvenih_ustanova.jpg\" \/>\n                  <div class=\"box-content\">\n                    <h4 class=\"post-title my-2\">\u010ci\u0161\u0107enje zdravstvenih ustanova<\/h4>\n                    <a class=\"\" href=\"http:\/\/newyork.rs\/en\/recent_projects\/ciscenje-zdravstvenih-ustanova\/\">Vi\u0161e\n                      <div class=\"icon\">\n                         <i class=\"fas fa-arrow-right\"><\/i>\n                       <\/div>\n                    <\/a>\n                  <\/div> \n                <\/div>\n              <\/div>\n                          \n              <div class=\"col-lg-4 col-md-6 project-box text-center p-3\">\n                <div class=\"box\">\n                  <img decoding=\"async\" src=\"http:\/\/newyork.rs\/en\/wp-content\/uploads\/2000\/03\/prodaja_higijenskog_materijala.jpg\" \/>\n                  <div class=\"box-content\">\n                    <h4 class=\"post-title my-2\">Prodaja higijenskog materijala<\/h4>\n                    <a class=\"\" href=\"http:\/\/newyork.rs\/en\/recent_projects\/prodaja-higijenskog-materijala\/\">Vi\u0161e\n                      <div class=\"icon\">\n                         <i class=\"fas fa-arrow-right\"><\/i>\n                       <\/div>\n                    <\/a>\n                  <\/div> \n                <\/div>\n              <\/div>\n            <div class=\"clearfix\"><\/div>              \n              <div class=\"col-lg-4 col-md-6 project-box text-center p-3\">\n                <div class=\"box\">\n                  <img decoding=\"async\" src=\"http:\/\/newyork.rs\/en\/wp-content\/uploads\/2023\/03\/tehnicko_odrzavanje.jpg\" \/>\n                  <div class=\"box-content\">\n                    <h4 class=\"post-title my-2\">Tehni\u010dko odr\u017eavanje<\/h4>\n                    <a class=\"\" href=\"http:\/\/newyork.rs\/en\/recent_projects\/tehnicko-odrzavanje\/\">Vi\u0161e\n                      <div class=\"icon\">\n                         <i class=\"fas fa-arrow-right\"><\/i>\n                       <\/div>\n                    <\/a>\n                  <\/div> \n                <\/div>\n              <\/div>\n                          \n              <div class=\"col-lg-4 col-md-6 project-box text-center p-3\">\n                <div class=\"box\">\n                  <img decoding=\"async\" src=\"http:\/\/newyork.rs\/en\/wp-content\/uploads\/2023\/03\/pranje_poliranje_automobila.jpg\" \/>\n                  <div class=\"box-content\">\n                    <h4 class=\"post-title my-2\">Pranje i poliranje automobila<\/h4>\n                    <a class=\"\" href=\"http:\/\/newyork.rs\/en\/recent_projects\/pranje-poliranje-automobila\/\">Vi\u0161e\n                      <div class=\"icon\">\n                         <i class=\"fas fa-arrow-right\"><\/i>\n                       <\/div>\n                    <\/a>\n                  <\/div> \n                <\/div>\n              <\/div>\n            <div class=\"clearfix\"><\/div>              \n              <div class=\"col-lg-4 col-md-6 project-box text-center p-3\">\n                <div class=\"box\">\n                  <img decoding=\"async\" src=\"http:\/\/newyork.rs\/en\/wp-content\/uploads\/2023\/03\/ciscenje_trznih_centara.jpg\" \/>\n                  <div class=\"box-content\">\n                    <h4 class=\"post-title my-2\">\u010ci\u0161\u0107enje tr\u017enih centara<\/h4>\n                    <a class=\"\" href=\"http:\/\/newyork.rs\/en\/recent_projects\/ciscenje-trznih-centara\/\">Vi\u0161e\n                      <div class=\"icon\">\n                         <i class=\"fas fa-arrow-right\"><\/i>\n                       <\/div>\n                    <\/a>\n                  <\/div> \n                <\/div>\n              <\/div>\n            \n\n\n\n<div id=\"banner_div\" class=\" py-5\">\t\n <div class=\"container text-center py-5\">\n\n\t\t<h5>Ukoliko \u017eelite profesionalno obavljen posao<\/h5>\n        <h3 class=\"\">Ne ustru\u010davajte se<\/h3>\n        <div class=\"call_box row mt-5\">\n        \t<div class=\"col-4 icon_box\">\n        \t\t\t            <span class=\"icon1 dashicons dashicons-phone\"><\/span>\n        \t<\/div>\n        \t<div class=\"col-8 align-self-center\">\n        \t\t<a href=\"http:\/\/newyork.rs\/en\/contact\/\">\n        \t\t\t<h6>Kontaktirajte nas<\/h6>\n        \t\t<\/a>\n        \t<\/div>\n        <\/div>\n\t<\/div>\n<\/div>\n\n","protected":false},"excerpt":{"rendered":"<p>Ukoliko \u017eelite profesionalno obavljen posao Ne ustru\u010davajte se Kontaktirajte nas<\/p>\n","protected":false},"author":1,"featured_media":0,"parent":0,"menu_order":0,"comment_status":"closed","ping_status":"closed","template":"","meta":{"footnotes":""},"class_list":["post-218","page","type-page","status-publish","hentry"],"_links":{"self":[{"href":"http:\/\/newyork.rs\/en\/wp-json\/wp\/v2\/pages\/218","targetHints":{"allow":["GET"]}}],"collection":[{"href":"http:\/\/newyork.rs\/en\/wp-json\/wp\/v2\/pages"}],"about":[{"href":"http:\/\/newyork.rs\/en\/wp-json\/wp\/v2\/types\/page"}],"author":[{"embeddable":true,"href":"http:\/\/newyork.rs\/en\/wp-json\/wp\/v2\/users\/1"}],"replies":[{"embeddable":true,"href":"http:\/\/newyork.rs\/en\/wp-json\/wp\/v2\/comments?post=218"}],"version-history":[{"count":6,"href":"http:\/\/newyork.rs\/en\/wp-json\/wp\/v2\/pages\/218\/revisions"}],"predecessor-version":[{"id":572,"href":"http:\/\/newyork.rs\/en\/wp-json\/wp\/v2\/pages\/218\/revisions\/572"}],"wp:attachment":[{"href":"http:\/\/newyork.rs\/en\/wp-json\/wp\/v2\/media?parent=218"}],"curies":[{"name":"wp","href":"https:\/\/api.w.org\/{rel}","templated":true}]}}