{"id":38,"date":"2022-08-18T06:22:23","date_gmt":"2022-08-18T06:22:23","guid":{"rendered":"http:\/\/newyork.rs\/en\/?page_id=38"},"modified":"2023-03-08T08:53:26","modified_gmt":"2023-03-08T08:53:26","slug":"o-nama","status":"publish","type":"page","link":"http:\/\/newyork.rs\/en\/o-nama\/","title":{"rendered":"O nama"},"content":{"rendered":"\n<h2 class=\"wp-block-heading\"><strong>New York trade d.o.o.<\/strong><\/h2>\n\n\n\n<p>je kompanija koje se bavi higijenskim odr\u017eavanjem objekata kao primarnom delatno\u0161\u0107u. Kompanija je po\u010dela sa radom u Americi pod imenom \u201eRoyal prudential\u201c. Dok je u Srbiji po\u010delo sa radom 2. juna 1992. godine, od kada uspe\u0161no posluje, sa sedi\u0161tem u Beogradu u ulici Koste Glavini\u0107a br. 2.<\/p>\n\n\n\n<p>Posve\u0107eni smo Vama i uspe\u0161nom ispunjenju va\u0161ih o\u010dekivanja.<\/p>\n\n\n\n<p>Pru\u017eamo usluge \u010di\u0161\u0107enja u preko sedamdeset mesta u Srbiji. Odr\u017eavamo preko 200 000m2, zatim u Americi (Manhattan, Brooklyn, Staten Island, Bronx, Queens), kao i u Makedoniji.<\/p>\n\n\n\n<p>NYT nudi usluge odr\u017eavanja poslovnih prostorija (kancelarijsko \u010di\u0161\u0107enje), usluge industrijskog \u010di\u0161\u0107enja, hemijsko \u010di\u0161\u0107enje, pranje fasada, \u010di\u0161\u0107enje ventilacija, tehni\u010dko odr\u017eavanje, \u010di\u0161\u0107enje snega. Kao i usluge bio dekoracije u cilju odr\u017eanja radnog i \u017eivotnog prostora na higijenski i funkcionalno optimalnom nivou.<\/p>\n\n\n\n<p>Pored usluga \u010di\u0161\u0107enja i odr\u017eavanja, NYT se bavi prodajom opreme i ma\u0161ina za \u010di\u0161\u0107enje koje nabavljamo iz SAD-a. Prodaja higijenskog materijala se tako\u0111e nalazi u na\u0161oj ponudi.<\/p>\n\n\n\n<h2 class=\"wp-block-heading\"><strong>Dobitnici nagrade za brzorastu\u0107u kopaniju u Srbiji 2020. godine<\/strong><\/h2>\n\n\n\n<figure class=\"wp-block-image size-full\"><img loading=\"lazy\" decoding=\"async\" width=\"200\" height=\"311\" src=\"http:\/\/newyork.rs\/en\/wp-content\/uploads\/2023\/03\/new_york.jpg\" alt=\"\" class=\"wp-image-538\" srcset=\"http:\/\/newyork.rs\/en\/wp-content\/uploads\/2023\/03\/new_york.jpg 200w, http:\/\/newyork.rs\/en\/wp-content\/uploads\/2023\/03\/new_york-193x300.jpg 193w\" sizes=\"auto, (max-width: 200px) 100vw, 200px\" \/><\/figure>\n\n\n\n<h2 class=\"wp-block-heading\"><strong>ZA\u0160TO NEW YORK TRADE?<\/strong><\/h2>\n\n\n\n<ul class=\"wp-block-list\">\n<li>Mi smo jedini pru\u017eaoci usluga higijenskog odr\u017eavanja za sve Va\u0161e potrebe dostupni 24 \u010dasa tokom cele godine. Bilo da Vam je potrebna jednokratna usluga ili program teku\u0107eg odr\u017eavanja.<\/li>\n\n\n\n<li>Servis za \u010di\u0161\u0107enje NYT \u2013 a posluje preko svojih regionalnih centara, raspore\u0111enih \u0161irom zemlje. Ukoliko Vam je &nbsp;potrebna integrisana usluga, koja bi obuhvatila poslove i u vi\u0161e regiona \u2013 mi \u0107emo Vam je obezbediti. Pored bilo koje druge, Vama potrebne usluge. Sve to prakti\u010dno sklopljeno u jednom ugovoru.<\/li>\n\n\n\n<li>Nema iznena\u0111enja! Po\u010dnite RFP-om (zahtevom za ponudu), recite nam \u0161ta o\u010dekujete,&nbsp;a cena usluga bi\u0107e formirana u odnosu na Va\u0161a o\u010dekivanja. Vide\u0107ete da je mogu\u0107e&nbsp;i da smanjite bespotrebne tro\u0161kove i da dobijete korektnu cenu! Mo\u017eete biti sigurni da ce Va\u0161 novac biti pa\u017eljivo i mudro potro\u0161en.<\/li>\n<\/ul>\n\n\n\n<h3 class=\"wp-block-heading\"><strong>KAKO RADIMO?<\/strong><\/h3>\n\n\n\n<ul class=\"wp-block-list\">\n<li>Koristimo ekolo\u0161ki ispravne hemikalije i proizvode.<\/li>\n\n\n\n<li>Slu\u017eimo se efikasnom opremom za \u010di\u0161\u0107enje.<\/li>\n\n\n\n<li>Upotrebljavamo ekolo\u0161ki papirni program.<\/li>\n<\/ul>\n\n\n\n<h3 class=\"wp-block-heading\"><strong>KVALITET I TEHNOLOGIJA<\/strong><\/h3>\n\n\n\n<ul class=\"wp-block-list\">\n<li>Upravljanje kvalitetom.<\/li>\n\n\n\n<li>Redovne kontrole.<\/li>\n\n\n\n<li>Standard ISO 9001:2008; 14001:2004; 18001:2007.<\/li>\n<\/ul>\n\n\n\n<h3 class=\"wp-block-heading\"><strong>BEZBEDNOST I OBUKA<\/strong><\/h3>\n\n\n\n<ul class=\"wp-block-list\">\n<li>Bezbednost i za\u0161tita na radu.<\/li>\n\n\n\n<li>Protivpo\u017earna za\u0161tita.<\/li>\n\n\n\n<li>Obuke zaposlenih o na\u010dinima pru\u017eanja usluge.<\/li>\n<\/ul>\n\n\n\n<div id=\"banner_div\" class=\" py-5\">\t\n <div class=\"container text-center py-5\">\n\n\t\t<h5>Ukoliko \u017eelite profesionalno obavljen posao<\/h5>\n        <h3 class=\"\">Ne ustrucavajte se<\/h3>\n        <div class=\"call_box row mt-5\">\n        \t<div class=\"col-4 icon_box\">\n        \t\t\t            <span class=\"icon1 dashicons dashicons-phone\"><\/span>\n        \t<\/div>\n        \t<div class=\"col-8 align-self-center\">\n        \t\t<a href=\"http:\/\/newyork.rs\/en\/contact\/\">\n        \t\t\t<h6>Kontaktirajte nas<\/h6>\n        \t\t<\/a>\n        \t<\/div>\n        <\/div>\n\t<\/div>\n<\/div>\n","protected":false},"excerpt":{"rendered":"<p>New York trade d.o.o. je kompanija koje se bavi higijenskim odr\u017eavanjem objekata kao primarnom delatno\u0161\u0107u. Kompanija je po\u010dela sa radom u Americi pod imenom \u201eRoyal prudential\u201c. Dok je u Srbiji po\u010delo sa radom 2. juna 1992. godine, od kada uspe\u0161no posluje, sa sedi\u0161tem u Beogradu u ulici Koste Glavini\u0107a br. 2. Posve\u0107eni smo Vama i [&hellip;]<\/p>\n","protected":false},"author":1,"featured_media":0,"parent":0,"menu_order":0,"comment_status":"closed","ping_status":"closed","template":"","meta":{"footnotes":""},"class_list":["post-38","page","type-page","status-publish","hentry"],"_links":{"self":[{"href":"http:\/\/newyork.rs\/en\/wp-json\/wp\/v2\/pages\/38","targetHints":{"allow":["GET"]}}],"collection":[{"href":"http:\/\/newyork.rs\/en\/wp-json\/wp\/v2\/pages"}],"about":[{"href":"http:\/\/newyork.rs\/en\/wp-json\/wp\/v2\/types\/page"}],"author":[{"embeddable":true,"href":"http:\/\/newyork.rs\/en\/wp-json\/wp\/v2\/users\/1"}],"replies":[{"embeddable":true,"href":"http:\/\/newyork.rs\/en\/wp-json\/wp\/v2\/comments?post=38"}],"version-history":[{"count":7,"href":"http:\/\/newyork.rs\/en\/wp-json\/wp\/v2\/pages\/38\/revisions"}],"predecessor-version":[{"id":592,"href":"http:\/\/newyork.rs\/en\/wp-json\/wp\/v2\/pages\/38\/revisions\/592"}],"wp:attachment":[{"href":"http:\/\/newyork.rs\/en\/wp-json\/wp\/v2\/media?parent=38"}],"curies":[{"name":"wp","href":"https:\/\/api.w.org\/{rel}","templated":true}]}}